{"id":7359,"date":"2023-02-06T04:48:55","date_gmt":"2023-02-06T04:48:55","guid":{"rendered":"https:\/\/vpncreative.net\/?page_id=7359"},"modified":"2023-02-06T04:48:57","modified_gmt":"2023-02-06T04:48:57","slug":"avis-juridique-du-site-web-de-vpn-creative","status":"publish","type":"page","link":"https:\/\/vpncreative.net\/fr\/avis-juridique-du-site-web-de-vpn-creative\/","title":{"rendered":"Avis juridique du site Web de VPN Creative"},"content":{"rendered":"<p>Veuillez lire attentivement les diff\u00e9rentes conditions d&#8217;utilisation de ce site avant de parcourir ses pages. En vous connectant \u00e0 ce site, vous acceptez sans r\u00e9serve les pr\u00e9sentes conditions g\u00e9n\u00e9rales. <\/p>\n\n\n\n<p><strong>Editeur du site :<\/strong><\/p>\n\n\n\n<p>VPNCreative<\/p>\n\n\n\n<p><strong>Contact email<\/strong>: info@vpncreative.net<br>Site web : www.vpncreative.net<\/p>\n\n\n\n<p><strong>H\u00e9bergement :<br><\/strong>Host : Hostinger<br>Site web : www.hostinger.com<\/p>\n\n\n\n<h2 class=\"wp-block-heading\">Conditions d&#8217;utilisation :<\/h2>\n\n\n\n<p>Ce site (www.vpncreative.net) est propos\u00e9 dans diff\u00e9rents langages web (HTML, HTML5, Javascript, CSS, etc&#8230;) pour un meilleur confort d&#8217;utilisation et un graphisme plus agr\u00e9able, nous vous recommandons d&#8217;utiliser des navigateurs modernes comme Internet explorer, Safari, Firefox, Google Chrome, etc&#8230;<\/p>\n\n\n\n<p>VPN Creative s&#8217;efforce de fournir des informations fiables et de mettre \u00e0 jour son site web. Toutefois, des erreurs ou omissions peuvent survenir. L&#8217;utilisateur doit donc s&#8217;assurer de l&#8217;exactitude des informations et signaler toutes modifications du site qu&#8217;il jugerait utile. VPN Creative n&#8217;est en aucun cas responsable de l&#8217;utilisation faite de ces informations, et de tout dommage direct ou indirect pouvant en d\u00e9couler.<\/p>\n\n\n\n<p><strong>Cookies<\/strong>: Le site www.vpncreative.net peut vous demander d&#8217;accepter les cookies \u00e0 des fins de statistiques et d&#8217;affichage. Un cookie est un \u00e9l\u00e9ment d&#8217;information d\u00e9pos\u00e9 sur votre disque dur par le serveur du site que vous visitez. Il contient plusieurs donn\u00e9es qui sont stock\u00e9es sur votre ordinateur dans un simple fichier texte auquel un serveur acc\u00e8de pour lire et enregistrer des informations. Certaines parties de ce site ne peuvent \u00eatre fonctionnelles sans l&#8217;acceptation des cookies.<\/p>\n\n\n\n<p><strong>Hyperliens<\/strong>: Les sites Web peuvent fournir des liens vers d&#8217;autres sites Web ou d&#8217;autres ressources disponibles sur Internet. VPN Creative ne dispose d&#8217;aucun moyen pour contr\u00f4ler les sites li\u00e9s \u00e0 ses sites Web. VPN Creative ne r\u00e9pond pas de la disponibilit\u00e9 de tels sites et sources externes, ni ne les garantit. VPN Creative ne peut \u00eatre tenue responsable de tout dommage de quelque nature que ce soit r\u00e9sultant du contenu de ces sites ou sources externes, et notamment des informations, produits ou services qu&#8217;ils proposent, ou de tout usage qui peut \u00eatre fait de ces \u00e9l\u00e9ments. Les risques li\u00e9s \u00e0 cette utilisation incombent pleinement \u00e0 l&#8217;internaute, qui doit se conformer \u00e0 leurs conditions d&#8217;utilisation.<\/p>\n\n\n\n<h2 class=\"wp-block-heading\">Services fournis :<\/h2>\n\n\n\n<p>L&#8217;ensemble des activit\u00e9s et informations de VPN Creative sont pr\u00e9sent\u00e9es sur notre site www.vpncreative.net.<\/p>\n\n\n\n<p>VPN Creative s&#8217;efforce de fournir sur le site www.vpncreative.net des informations aussi pr\u00e9cises que possible. Les informations sur le site www.vpncreative.net ne sont pas exhaustives et les photos ne sont pas contractuelles. Elles sont donn\u00e9es sous r\u00e9serve des modifications qui ont \u00e9t\u00e9 apport\u00e9es depuis leur mise en ligne. Par ailleurs, tous les informations indiqu\u00e9es sur le site www.vpncreative.net sont donn\u00e9es \u00e0 titre indicatif, et sont susceptibles de changer ou d&#8217;\u00e9voluer sans pr\u00e9avis.<\/p>\n\n\n\n<h2 class=\"wp-block-heading\">Limitation contractuelle sur les donn\u00e9es :<\/h2>\n\n\n\n<p>Les informations contenues sur ce site sont aussi pr\u00e9cises que possible et le site est mis \u00e0 jour \u00e0 diff\u00e9rentes p\u00e9riodes de l&#8217;ann\u00e9e, mais peuvent contenir des inexactitudes ou des omissions. Si vous constatez une lacune, erreur ou ce qui parait \u00eatre un dysfonctionnement, merci de bien vouloir le signaler par email \u00e0 infovpncreative.net, en d\u00e9crivant le probl\u00e8me de la mani\u00e8re la plus pr\u00e9cise possible (page posant probl\u00e8me, type d&#8217;ordinateur et de navigateur utilis\u00e9, &#8230;).<\/p>\n\n\n\n<p>Tout contenu t\u00e9l\u00e9charg\u00e9 se fait aux risques et p\u00e9rils de l&#8217;utilisateur et sous sa seule responsabilit\u00e9. En cons\u00e9quence, nous ne saurions \u00eatre tenus responsables d&#8217;un quelconque dommage subi par l&#8217;ordinateur de l&#8217;utilisateur ou d&#8217;une quelconque perte de donn\u00e9es cons\u00e9cutives au t\u00e9l\u00e9chargement. En outre, l&#8217;utilisateur du site s&#8217;engage \u00e0 acc\u00e9der au site en utilisant un mat\u00e9riel r\u00e9cent, exempt de virus et avec un navigateur de derni\u00e8re g\u00e9n\u00e9ration mis \u00e0 jour.<\/p>\n\n\n\n<p>Les liens hypertextes mis en place dans le cadre du pr\u00e9sent site internet en direction d&#8217;autres ressources pr\u00e9sentes sur le r\u00e9seau Internet ne sauraient engager la responsabilit\u00e9 de VPN Creative.<\/p>\n\n\n\n<h2 class=\"wp-block-heading\">Propri\u00e9t\u00e9 intellectuelle :<\/h2>\n\n\n\n<p>Tout le contenu du site www.vpncreative.net, incluant, de fa\u00e7on non limitative, les graphismes, images, textes, vid\u00e9os, animations, sons, logos, gifs et ic\u00f4nes ainsi que leur mise en forme sont la propri\u00e9t\u00e9 exclusive de VPN Creative \u00e0 l&#8217;exception des marques, logos ou contenus appartenant \u00e0 d&#8217;autres soci\u00e9t\u00e9s partenaires ou auteurs.<\/p>","protected":false},"excerpt":{"rendered":"<p>Veuillez lire attentivement les diff\u00e9rentes conditions d&#8217;utilisation de ce site avant de parcourir ses pages. En vous connectant \u00e0 ce site, vous acceptez sans r\u00e9serve les pr\u00e9sentes conditions g\u00e9n\u00e9rales. Editeur du site : VPNCreative Contact email: info@vpncreative.netSite web : www.vpncreative.net H\u00e9bergement :Host : HostingerSite web : www.hostinger.com Conditions d&#8217;utilisation : Ce site (www.vpncreative.net) est propos\u00e9<\/p>","protected":false},"author":4,"featured_media":0,"parent":0,"menu_order":0,"comment_status":"closed","ping_status":"closed","template":"","meta":{"_kad_blocks_custom_css":"","_kad_blocks_head_custom_js":"","_kad_blocks_body_custom_js":"","_kad_blocks_footer_custom_js":"","footnotes":""},"class_list":["post-7359","page","type-page","status-publish"],"taxonomy_info":[],"featured_image_src_large":false,"author_info":{"display_name":"Francois Linares","author_link":"https:\/\/vpncreative.net\/fr\/author\/francois\/"},"comment_info":0,"_links":{"self":[{"href":"https:\/\/vpncreative.net\/fr\/wp-json\/wp\/v2\/pages\/7359","targetHints":{"allow":["GET"]}}],"collection":[{"href":"https:\/\/vpncreative.net\/fr\/wp-json\/wp\/v2\/pages"}],"about":[{"href":"https:\/\/vpncreative.net\/fr\/wp-json\/wp\/v2\/types\/page"}],"author":[{"embeddable":true,"href":"https:\/\/vpncreative.net\/fr\/wp-json\/wp\/v2\/users\/4"}],"replies":[{"embeddable":true,"href":"https:\/\/vpncreative.net\/fr\/wp-json\/wp\/v2\/comments?post=7359"}],"version-history":[{"count":0,"href":"https:\/\/vpncreative.net\/fr\/wp-json\/wp\/v2\/pages\/7359\/revisions"}],"wp:attachment":[{"href":"https:\/\/vpncreative.net\/fr\/wp-json\/wp\/v2\/media?parent=7359"}],"curies":[{"name":"wp","href":"https:\/\/api.w.org\/{rel}","templated":true}]}}